{"id":6582,"date":"2017-08-02T22:56:32","date_gmt":"2017-08-02T22:56:32","guid":{"rendered":"http:\/\/cafedelariviera.com\/?page_id=6582"},"modified":"2017-12-20T09:10:27","modified_gmt":"2017-12-20T14:10:27","slug":"snacks-2","status":"publish","type":"page","link":"https:\/\/cafedelariviera.com\/index.php\/snacks-2\/","title":{"rendered":"Snacks"},"content":{"rendered":"<p>[vc_row full_content_width=&#8221;row-inner-full&#8221; row_height_type=&#8221;fixed_height&#8221; height=&#8221;0&#8243; top=&#8221;150px&#8221; bottom=&#8221;150px&#8221; content_fadeout=&#8221;content-fadeout&#8221; bg_type=&#8221;image&#8221; bg_cover=&#8221;cover&#8221; bg_position=&#8221;&#8221; bg_image=&#8221;6586&#8243;][vc_column][vc_heading title=&#8221;Snacks en Caf\u00e9 de la Riviera&#8221; title_color=&#8221;#0a0a0a&#8221;][\/vc_column][\/vc_row][vc_row][vc_column width=&#8221;1\/4&#8243;][vc_heading title=&#8221;Dispensador de Queso para Nachos&#8221; alignment=&#8221;align-right&#8221;][\/vc_column][vc_column width=&#8221;1\/2&#8243;][vc_single_image image=&#8221;6584&#8243; img_size=&#8221;full&#8221;][\/vc_column][vc_column width=&#8221;1\/4&#8243;][vc_column_text]<strong>Medidas de la M\u00e1quina:<\/strong><\/p>\n<p><em>\u2022 Peso: 13.00 Kg<\/em><\/p>\n<p><em>\u2022 Altura: 71.12 cm<\/em><\/p>\n<p><em>\u2022 Largo: 47.05 cm<\/em><\/p>\n<p><em>\u2022 Ancho: 31.00 cm<\/em>[\/vc_column_text][vc_empty_space][vc_column_text]<strong>Queso Cheddar Marca RICO\u00ae:<\/strong><\/p>\n<p><em>\u2022 Procesada as\u00e9pticamente con queso cheddar real, lista para servir.<\/em><\/p>\n<p><em>\u2022 Un producto suave y delicioso, libre de colesterol.<\/em><\/p>\n<p><em>\u2022 Envasado en una bolsa transparente resisten al impacto, con un tubo\u00a0dispensador desechable.<\/em><\/p>\n<p>\u2022 Caja con un contenido de 4 bolsas para dispensador de 4 Kg c\/u.[\/vc_column_text][vc_empty_space height=&#8221;70px&#8221;][vc_single_image image=&#8221;6585&#8243; img_size=&#8221;full&#8221;][\/vc_column][\/vc_row][vc_row bg_color=&#8221;#ff6b92&#8243;][vc_column][vc_empty_space][vc_column_text]<\/p>\n<h3 style=\"text-align: center;\"><span style=\"color: #ffffff;\">Dulces Personalizados<\/span><\/h3>\n<p>[\/vc_column_text][\/vc_column][\/vc_row][vc_row bg_color=&#8221;#ff6b92&#8243;][vc_column width=&#8221;1\/4&#8243;][vc_carousel images=&#8221;6665,6664&#8243; anim_style=&#8221;fade&#8221; autoplay=&#8221;4000&#8243; navigation=&#8221;true&#8221; pagination=&#8221;true&#8221; navigation_hide=&#8221;nav-hide&#8221;][\/vc_column][vc_column width=&#8221;1\/4&#8243;][vc_carousel images=&#8221;6672,6673&#8243; anim_style=&#8221;fade&#8221; autoplay=&#8221;7000&#8243; navigation=&#8221;true&#8221; pagination=&#8221;true&#8221; navigation_hide=&#8221;nav-hide&#8221;][\/vc_column][vc_column width=&#8221;1\/4&#8243;][vc_single_image image=&#8221;6674&#8243; img_size=&#8221;full&#8221;][\/vc_column][vc_column width=&#8221;1\/4&#8243;][vc_column_text]<span style=\"color: #ffffff;\">Para los grandes juegos de nuestros ni\u00f1os, un dulce momento para horas de diversi\u00f3n.<\/span><\/p>\n<p><span style=\"color: #ffffff;\">Dulces en bolsas de 66 gramos envueltos en celof\u00e1n con imagen personalizada.<\/span>[\/vc_column_text][\/vc_column][\/vc_row][vc_row bg_color=&#8221;#ff6b92&#8243;][vc_column][vc_empty_space][\/vc_column][\/vc_row][vc_row][vc_column][\/vc_column][\/vc_row]<\/p>\n","protected":false},"excerpt":{"rendered":"<p>[vc_row full_content_width=&#8221;row-inner-full&#8221; row_height_type=&#8221;fixed_height&#8221; height=&#8221;0&#8243; top=&#8221;150px&#8221; bottom=&#8221;150px&#8221; content_fadeout=&#8221;content-fadeout&#8221; bg_type=&#8221;image&#8221; bg_cover=&#8221;cover&#8221; bg_position=&#8221;&#8221; bg_image=&#8221;6586&#8243;][vc_column][vc_heading title=&#8221;Snacks en Caf\u00e9 de la Riviera&#8221; title_color=&#8221;#0a0a0a&#8221;][\/vc_column][\/vc_row][vc_row][vc_column width=&#8221;1\/4&#8243;][vc_heading title=&#8221;Dispensador de Queso para Nachos&#8221; alignment=&#8221;align-right&#8221;][\/vc_column][vc_column width=&#8221;1\/2&#8243;][vc_single_image image=&#8221;6584&#8243; img_size=&#8221;full&#8221;][\/vc_column][vc_column width=&#8221;1\/4&#8243;][vc_column_text]Medidas de la M\u00e1quina: \u2022 Peso: 13.00 Kg \u2022 Altura: 71.12 cm \u2022 Largo: 47.05 cm \u2022 Ancho: 31.00 cm[\/vc_column_text][vc_empty_space][vc_column_text]Queso Cheddar Marca RICO\u00ae: \u2022 Procesada as\u00e9pticamente con queso cheddar real, lista para servir. \u2022 Un producto suave y delicioso, libre de colesterol. \u2022 Envasado en una bolsa&#8230;  <\/p>\n<div class=\"read-more\"><a class=\"excerpt-read-more\" href=\"https:\/\/cafedelariviera.com\/index.php\/snacks-2\/\" title=\"Continue reading Snacks\">Read more<i class=\"fa fa-angle-right\"><\/i><\/a><\/div>\n","protected":false},"author":1,"featured_media":0,"parent":0,"menu_order":0,"comment_status":"closed","ping_status":"closed","template":"page-full-width.php","meta":{"_monsterinsights_skip_tracking":false,"_monsterinsights_sitenote_active":false,"_monsterinsights_sitenote_note":"","_monsterinsights_sitenote_category":0,"footnotes":""},"class_list":["post-6582","page","type-page","status-publish","hentry"],"yoast_head":"<!-- This site is optimized with the Yoast SEO plugin v27.5 - https:\/\/yoast.com\/product\/yoast-seo-wordpress\/ -->\n<title>Snacks - Caf\u00e9 de la Riviera<\/title>\n<meta name=\"robots\" content=\"index, follow, max-snippet:-1, max-image-preview:large, max-video-preview:-1\" \/>\n<link rel=\"canonical\" href=\"https:\/\/cafedelariviera.com\/index.php\/snacks-2\/\" \/>\n<meta property=\"og:locale\" content=\"es_MX\" \/>\n<meta property=\"og:type\" content=\"article\" \/>\n<meta property=\"og:title\" content=\"Snacks - Caf\u00e9 de la Riviera\" \/>\n<meta property=\"og:description\" content=\"[vc_row full_content_width=&#8221;row-inner-full&#8221; row_height_type=&#8221;fixed_height&#8221; height=&#8221;0&#8243; top=&#8221;150px&#8221; bottom=&#8221;150px&#8221; content_fadeout=&#8221;content-fadeout&#8221; bg_type=&#8221;image&#8221; bg_cover=&#8221;cover&#8221; bg_position=&#8221;&#8221; bg_image=&#8221;6586&#8243;][vc_column][vc_heading title=&#8221;Snacks en Caf\u00e9 de la Riviera&#8221; title_color=&#8221;#0a0a0a&#8221;][\/vc_column][\/vc_row][vc_row][vc_column width=&#8221;1\/4&#8243;][vc_heading title=&#8221;Dispensador de Queso para Nachos&#8221; alignment=&#8221;align-right&#8221;][\/vc_column][vc_column width=&#8221;1\/2&#8243;][vc_single_image image=&#8221;6584&#8243; img_size=&#8221;full&#8221;][\/vc_column][vc_column width=&#8221;1\/4&#8243;][vc_column_text]Medidas de la M\u00e1quina: \u2022 Peso: 13.00 Kg \u2022 Altura: 71.12 cm \u2022 Largo: 47.05 cm \u2022 Ancho: 31.00 cm[\/vc_column_text][vc_empty_space][vc_column_text]Queso Cheddar Marca RICO\u00ae: \u2022 Procesada as\u00e9pticamente con queso cheddar real, lista para servir. \u2022 Un producto suave y delicioso, libre de colesterol. \u2022 Envasado en una bolsa... Read more\" \/>\n<meta property=\"og:url\" content=\"https:\/\/cafedelariviera.com\/index.php\/snacks-2\/\" \/>\n<meta property=\"og:site_name\" content=\"Caf\u00e9 de la Riviera\" \/>\n<meta property=\"article:modified_time\" content=\"2017-12-20T14:10:27+00:00\" \/>\n<meta name=\"twitter:card\" content=\"summary_large_image\" \/>\n<meta name=\"twitter:label1\" content=\"Tiempo de lectura\" \/>\n\t<meta name=\"twitter:data1\" content=\"2 minutos\" \/>\n<script type=\"application\/ld+json\" class=\"yoast-schema-graph\">{\"@context\":\"https:\\\/\\\/schema.org\",\"@graph\":[{\"@type\":\"WebPage\",\"@id\":\"https:\\\/\\\/cafedelariviera.com\\\/index.php\\\/snacks-2\\\/\",\"url\":\"https:\\\/\\\/cafedelariviera.com\\\/index.php\\\/snacks-2\\\/\",\"name\":\"Snacks - Caf\u00e9 de la Riviera\",\"isPartOf\":{\"@id\":\"https:\\\/\\\/cafedelariviera.com\\\/#website\"},\"datePublished\":\"2017-08-02T22:56:32+00:00\",\"dateModified\":\"2017-12-20T14:10:27+00:00\",\"breadcrumb\":{\"@id\":\"https:\\\/\\\/cafedelariviera.com\\\/index.php\\\/snacks-2\\\/#breadcrumb\"},\"inLanguage\":\"es\",\"potentialAction\":[{\"@type\":\"ReadAction\",\"target\":[\"https:\\\/\\\/cafedelariviera.com\\\/index.php\\\/snacks-2\\\/\"]}]},{\"@type\":\"BreadcrumbList\",\"@id\":\"https:\\\/\\\/cafedelariviera.com\\\/index.php\\\/snacks-2\\\/#breadcrumb\",\"itemListElement\":[{\"@type\":\"ListItem\",\"position\":1,\"name\":\"Home\",\"item\":\"https:\\\/\\\/cafedelariviera.com\\\/\"},{\"@type\":\"ListItem\",\"position\":2,\"name\":\"Snacks\"}]},{\"@type\":\"WebSite\",\"@id\":\"https:\\\/\\\/cafedelariviera.com\\\/#website\",\"url\":\"https:\\\/\\\/cafedelariviera.com\\\/\",\"name\":\"Caf\u00e9 de la Riviera\",\"description\":\"Caf\u00e9 gourmet mexicano, fresco, reci\u00e9n tostado, personalizado al gusto de la industria tur\u00edstica de Canc\u00fan, Riviera Maya y el sureste Mexicano.\",\"potentialAction\":[{\"@type\":\"SearchAction\",\"target\":{\"@type\":\"EntryPoint\",\"urlTemplate\":\"https:\\\/\\\/cafedelariviera.com\\\/?s={search_term_string}\"},\"query-input\":{\"@type\":\"PropertyValueSpecification\",\"valueRequired\":true,\"valueName\":\"search_term_string\"}}],\"inLanguage\":\"es\"}]}<\/script>\n<!-- \/ Yoast SEO plugin. -->","yoast_head_json":{"title":"Snacks - Caf\u00e9 de la Riviera","robots":{"index":"index","follow":"follow","max-snippet":"max-snippet:-1","max-image-preview":"max-image-preview:large","max-video-preview":"max-video-preview:-1"},"canonical":"https:\/\/cafedelariviera.com\/index.php\/snacks-2\/","og_locale":"es_MX","og_type":"article","og_title":"Snacks - Caf\u00e9 de la Riviera","og_description":"[vc_row full_content_width=&#8221;row-inner-full&#8221; row_height_type=&#8221;fixed_height&#8221; height=&#8221;0&#8243; top=&#8221;150px&#8221; bottom=&#8221;150px&#8221; content_fadeout=&#8221;content-fadeout&#8221; bg_type=&#8221;image&#8221; bg_cover=&#8221;cover&#8221; bg_position=&#8221;&#8221; bg_image=&#8221;6586&#8243;][vc_column][vc_heading title=&#8221;Snacks en Caf\u00e9 de la Riviera&#8221; title_color=&#8221;#0a0a0a&#8221;][\/vc_column][\/vc_row][vc_row][vc_column width=&#8221;1\/4&#8243;][vc_heading title=&#8221;Dispensador de Queso para Nachos&#8221; alignment=&#8221;align-right&#8221;][\/vc_column][vc_column width=&#8221;1\/2&#8243;][vc_single_image image=&#8221;6584&#8243; img_size=&#8221;full&#8221;][\/vc_column][vc_column width=&#8221;1\/4&#8243;][vc_column_text]Medidas de la M\u00e1quina: \u2022 Peso: 13.00 Kg \u2022 Altura: 71.12 cm \u2022 Largo: 47.05 cm \u2022 Ancho: 31.00 cm[\/vc_column_text][vc_empty_space][vc_column_text]Queso Cheddar Marca RICO\u00ae: \u2022 Procesada as\u00e9pticamente con queso cheddar real, lista para servir. \u2022 Un producto suave y delicioso, libre de colesterol. \u2022 Envasado en una bolsa... Read more","og_url":"https:\/\/cafedelariviera.com\/index.php\/snacks-2\/","og_site_name":"Caf\u00e9 de la Riviera","article_modified_time":"2017-12-20T14:10:27+00:00","twitter_card":"summary_large_image","twitter_misc":{"Tiempo de lectura":"2 minutos"},"schema":{"@context":"https:\/\/schema.org","@graph":[{"@type":"WebPage","@id":"https:\/\/cafedelariviera.com\/index.php\/snacks-2\/","url":"https:\/\/cafedelariviera.com\/index.php\/snacks-2\/","name":"Snacks - Caf\u00e9 de la Riviera","isPartOf":{"@id":"https:\/\/cafedelariviera.com\/#website"},"datePublished":"2017-08-02T22:56:32+00:00","dateModified":"2017-12-20T14:10:27+00:00","breadcrumb":{"@id":"https:\/\/cafedelariviera.com\/index.php\/snacks-2\/#breadcrumb"},"inLanguage":"es","potentialAction":[{"@type":"ReadAction","target":["https:\/\/cafedelariviera.com\/index.php\/snacks-2\/"]}]},{"@type":"BreadcrumbList","@id":"https:\/\/cafedelariviera.com\/index.php\/snacks-2\/#breadcrumb","itemListElement":[{"@type":"ListItem","position":1,"name":"Home","item":"https:\/\/cafedelariviera.com\/"},{"@type":"ListItem","position":2,"name":"Snacks"}]},{"@type":"WebSite","@id":"https:\/\/cafedelariviera.com\/#website","url":"https:\/\/cafedelariviera.com\/","name":"Caf\u00e9 de la Riviera","description":"Caf\u00e9 gourmet mexicano, fresco, reci\u00e9n tostado, personalizado al gusto de la industria tur\u00edstica de Canc\u00fan, Riviera Maya y el sureste Mexicano.","potentialAction":[{"@type":"SearchAction","target":{"@type":"EntryPoint","urlTemplate":"https:\/\/cafedelariviera.com\/?s={search_term_string}"},"query-input":{"@type":"PropertyValueSpecification","valueRequired":true,"valueName":"search_term_string"}}],"inLanguage":"es"}]}},"_links":{"self":[{"href":"https:\/\/cafedelariviera.com\/index.php\/wp-json\/wp\/v2\/pages\/6582","targetHints":{"allow":["GET"]}}],"collection":[{"href":"https:\/\/cafedelariviera.com\/index.php\/wp-json\/wp\/v2\/pages"}],"about":[{"href":"https:\/\/cafedelariviera.com\/index.php\/wp-json\/wp\/v2\/types\/page"}],"author":[{"embeddable":true,"href":"https:\/\/cafedelariviera.com\/index.php\/wp-json\/wp\/v2\/users\/1"}],"replies":[{"embeddable":true,"href":"https:\/\/cafedelariviera.com\/index.php\/wp-json\/wp\/v2\/comments?post=6582"}],"version-history":[{"count":32,"href":"https:\/\/cafedelariviera.com\/index.php\/wp-json\/wp\/v2\/pages\/6582\/revisions"}],"predecessor-version":[{"id":6677,"href":"https:\/\/cafedelariviera.com\/index.php\/wp-json\/wp\/v2\/pages\/6582\/revisions\/6677"}],"wp:attachment":[{"href":"https:\/\/cafedelariviera.com\/index.php\/wp-json\/wp\/v2\/media?parent=6582"}],"curies":[{"name":"wp","href":"https:\/\/api.w.org\/{rel}","templated":true}]}}