{"id":6707,"date":"2017-12-20T12:18:05","date_gmt":"2017-12-20T17:18:05","guid":{"rendered":"http:\/\/cafedelariviera.com\/?page_id=6707"},"modified":"2017-12-20T19:06:21","modified_gmt":"2017-12-21T00:06:21","slug":"jarceria","status":"publish","type":"page","link":"https:\/\/cafedelariviera.com\/index.php\/jarceria\/","title":{"rendered":"Jarcer\u00eda"},"content":{"rendered":"<p>[vc_row full_content_width=&#8221;row-inner-full&#8221; row_height_type=&#8221;fixed_height&#8221; height=&#8221;0&#8243; top=&#8221;150px&#8221; bottom=&#8221;150px&#8221; content_fadeout=&#8221;content-fadeout&#8221; bg_type=&#8221;image&#8221; bg_cover=&#8221;cover&#8221; bg_position=&#8221;&#8221; bg_image=&#8221;6732&#8243;][vc_column][vc_heading title=&#8221;Productos de Jarcer\u00eda en Caf\u00e9 de la Riviera&#8221; title_color=&#8221;#ffffff&#8221;][\/vc_column][\/vc_row][vc_row bottom=&#8221;0px&#8221;][vc_column][vc_column_text]<\/p>\n<h3 style=\"text-align: center;\"><strong>Somos distribuidores exclusivos<\/strong><\/h3>\n<h3 style=\"text-align: center;\"><strong>de productos Reynera<\/strong><\/h3>\n<p>[\/vc_column_text][vc_empty_space][vc_column_text]<\/p>\n<h6 class=\"r\" style=\"text-align: center;\">La mejor opci\u00f3n en soluciones de limpieza<\/h6>\n<p>[\/vc_column_text][vc_row_inner][vc_column_inner width=&#8221;1\/6&#8243;][\/vc_column_inner][vc_column_inner width=&#8221;2\/3&#8243;][vc_column_text]<\/p>\n<p class=\"p1\" style=\"text-align: center;\"><strong>Organizaci\u00f3n Reynera<\/strong> es una empresa <strong>100% Mexicana<\/strong>, fundada en 1918, con tecnolog\u00eda <strong>de clase mundial<\/strong>, que ofrece la mayor <strong>calidad<\/strong> a los <strong>precios<\/strong> m\u00e1s competitivos hacia sus diferentes mercados.<\/p>\n<p>[\/vc_column_text][vc_empty_space][vc_column_text]<\/p>\n<p class=\"p1\" style=\"text-align: center;\"><em><b>Escobas \u2022 Recogedores \u2022 Cepillos \u2022 Sacudidores \u2022 Trapeadores \u2022 Mops \u2022 Jaladores \u2022 Cubetas<\/b><\/em><\/p>\n<p>[\/vc_column_text][\/vc_column_inner][vc_column_inner width=&#8221;1\/6&#8243;][\/vc_column_inner][\/vc_row_inner][vc_empty_space][\/vc_column][\/vc_row][vc_row bg_color=&#8221;#f2f2f2&#8243;][vc_column][vc_column_text]<\/p>\n<h5 style=\"text-align: center;\">Conozca los productos que distribuimos recorriendo los siguientes cat\u00e1logos:<\/h5>\n<p>[\/vc_column_text][\/vc_column][\/vc_row][vc_row top=&#8221;50px&#8221; bottom=&#8221;10px&#8221;][vc_column width=&#8221;1\/3&#8243;][vc_empty_space height=&#8221;15px&#8221;][vc_column_text]<\/p>\n<h4 style=\"text-align: right;\">Cat\u00e1logo General<\/h4>\n<h4 style=\"text-align: right;\">de <strong>Productos<\/strong><\/h4>\n<h4 style=\"text-align: right;\">Reynera<\/h4>\n<p>[\/vc_column_text][\/vc_column][vc_column width=&#8221;2\/3&#8243;][vc_wp_text]<a href=\"https:\/\/cafedelariviera.com\/wp-content\/uploads\/2017\/12\/Reynera_Productos.pdf\" class=\"pdfemb-viewer\" style=\"\" data-width=\"max\" data-height=\"max\" data-toolbar=\"bottom\" data-toolbar-fixed=\"off\">Reynera_Productos<\/a>[\/vc_wp_text][\/vc_column][\/vc_row][vc_row top=&#8221;10px&#8221; bottom=&#8221;10px&#8221;][vc_column][vc_separator][\/vc_column][\/vc_row][vc_row top=&#8221;50px&#8221; bottom=&#8221;10px&#8221;][vc_column width=&#8221;1\/3&#8243;][vc_empty_space height=&#8221;15px&#8221;][vc_column_text]<\/p>\n<h4 style=\"text-align: right;\">Cat\u00e1logo<\/h4>\n<h4 style=\"text-align: right;\">de <strong>Productos<\/strong><\/h4>\n<h4 style=\"text-align: right;\">Reynera MAX<\/h4>\n<p>[\/vc_column_text][\/vc_column][vc_column width=&#8221;2\/3&#8243;][vc_wp_text]<a href=\"https:\/\/cafedelariviera.com\/wp-content\/uploads\/2017\/12\/Reynera_MAX.pdf\" class=\"pdfemb-viewer\" style=\"\" data-width=\"max\" data-height=\"max\" data-toolbar=\"bottom\" data-toolbar-fixed=\"off\">Reynera_MAX<\/a>[\/vc_wp_text][\/vc_column][\/vc_row][vc_row top=&#8221;10px&#8221; bottom=&#8221;10px&#8221;][vc_column][vc_separator][\/vc_column][\/vc_row][vc_row top=&#8221;50px&#8221; bottom=&#8221;10px&#8221;][vc_column width=&#8221;1\/3&#8243;][vc_empty_space height=&#8221;15px&#8221;][vc_column_text]<\/p>\n<h4 style=\"text-align: right;\">Cat\u00e1logo<\/h4>\n<h4 style=\"text-align: right;\">de <strong>Productos<\/strong><\/h4>\n<h4 style=\"text-align: right;\">Reynera PRO<\/h4>\n<p>[\/vc_column_text][\/vc_column][vc_column width=&#8221;2\/3&#8243;][vc_wp_text]<a href=\"https:\/\/cafedelariviera.com\/wp-content\/uploads\/2017\/12\/Reynera_PRO.pdf\" class=\"pdfemb-viewer\" style=\"\" data-width=\"max\" data-height=\"max\" data-toolbar=\"bottom\" data-toolbar-fixed=\"off\">Reynera_PRO<\/a>[\/vc_wp_text][\/vc_column][\/vc_row]<\/p>\n","protected":false},"excerpt":{"rendered":"<p>[vc_row full_content_width=&#8221;row-inner-full&#8221; row_height_type=&#8221;fixed_height&#8221; height=&#8221;0&#8243; top=&#8221;150px&#8221; bottom=&#8221;150px&#8221; content_fadeout=&#8221;content-fadeout&#8221; bg_type=&#8221;image&#8221; bg_cover=&#8221;cover&#8221; bg_position=&#8221;&#8221; bg_image=&#8221;6732&#8243;][vc_column][vc_heading title=&#8221;Productos de Jarcer\u00eda en Caf\u00e9 de la Riviera&#8221; title_color=&#8221;#ffffff&#8221;][\/vc_column][\/vc_row][vc_row bottom=&#8221;0px&#8221;][vc_column][vc_column_text] Somos distribuidores exclusivos de productos Reynera [\/vc_column_text][vc_empty_space][vc_column_text] La mejor opci\u00f3n en soluciones de limpieza [\/vc_column_text][vc_row_inner][vc_column_inner width=&#8221;1\/6&#8243;][\/vc_column_inner][vc_column_inner width=&#8221;2\/3&#8243;][vc_column_text] Organizaci\u00f3n Reynera es una empresa 100% Mexicana, fundada en 1918, con tecnolog\u00eda de clase mundial, que ofrece la mayor calidad a los precios m\u00e1s competitivos hacia sus diferentes mercados. [\/vc_column_text][vc_empty_space][vc_column_text] Escobas \u2022 Recogedores \u2022 Cepillos \u2022 Sacudidores&#8230;  <\/p>\n<div class=\"read-more\"><a class=\"excerpt-read-more\" href=\"https:\/\/cafedelariviera.com\/index.php\/jarceria\/\" title=\"Continue reading Jarcer\u00eda\">Read more<i class=\"fa fa-angle-right\"><\/i><\/a><\/div>\n","protected":false},"author":1,"featured_media":0,"parent":0,"menu_order":0,"comment_status":"closed","ping_status":"closed","template":"page-full-width.php","meta":{"_monsterinsights_skip_tracking":false,"_monsterinsights_sitenote_active":false,"_monsterinsights_sitenote_note":"","_monsterinsights_sitenote_category":0,"footnotes":""},"class_list":["post-6707","page","type-page","status-publish","hentry"],"yoast_head":"<!-- This site is optimized with the Yoast SEO plugin v27.5 - https:\/\/yoast.com\/product\/yoast-seo-wordpress\/ -->\n<title>Jarcer\u00eda - Caf\u00e9 de la Riviera<\/title>\n<meta name=\"robots\" content=\"index, follow, max-snippet:-1, max-image-preview:large, max-video-preview:-1\" \/>\n<link rel=\"canonical\" href=\"https:\/\/cafedelariviera.com\/index.php\/jarceria\/\" \/>\n<meta property=\"og:locale\" content=\"es_MX\" \/>\n<meta property=\"og:type\" content=\"article\" \/>\n<meta property=\"og:title\" content=\"Jarcer\u00eda - Caf\u00e9 de la Riviera\" \/>\n<meta property=\"og:description\" content=\"[vc_row full_content_width=&#8221;row-inner-full&#8221; row_height_type=&#8221;fixed_height&#8221; height=&#8221;0&#8243; top=&#8221;150px&#8221; bottom=&#8221;150px&#8221; content_fadeout=&#8221;content-fadeout&#8221; bg_type=&#8221;image&#8221; bg_cover=&#8221;cover&#8221; bg_position=&#8221;&#8221; bg_image=&#8221;6732&#8243;][vc_column][vc_heading title=&#8221;Productos de Jarcer\u00eda en Caf\u00e9 de la Riviera&#8221; title_color=&#8221;#ffffff&#8221;][\/vc_column][\/vc_row][vc_row bottom=&#8221;0px&#8221;][vc_column][vc_column_text] Somos distribuidores exclusivos de productos Reynera [\/vc_column_text][vc_empty_space][vc_column_text] La mejor opci\u00f3n en soluciones de limpieza [\/vc_column_text][vc_row_inner][vc_column_inner width=&#8221;1\/6&#8243;][\/vc_column_inner][vc_column_inner width=&#8221;2\/3&#8243;][vc_column_text] Organizaci\u00f3n Reynera es una empresa 100% Mexicana, fundada en 1918, con tecnolog\u00eda de clase mundial, que ofrece la mayor calidad a los precios m\u00e1s competitivos hacia sus diferentes mercados. [\/vc_column_text][vc_empty_space][vc_column_text] Escobas \u2022 Recogedores \u2022 Cepillos \u2022 Sacudidores... Read more\" \/>\n<meta property=\"og:url\" content=\"https:\/\/cafedelariviera.com\/index.php\/jarceria\/\" \/>\n<meta property=\"og:site_name\" content=\"Caf\u00e9 de la Riviera\" \/>\n<meta property=\"article:modified_time\" content=\"2017-12-21T00:06:21+00:00\" \/>\n<meta name=\"twitter:card\" content=\"summary_large_image\" \/>\n<meta name=\"twitter:label1\" content=\"Tiempo de lectura\" \/>\n\t<meta name=\"twitter:data1\" content=\"2 minutos\" \/>\n<script type=\"application\/ld+json\" class=\"yoast-schema-graph\">{\"@context\":\"https:\\\/\\\/schema.org\",\"@graph\":[{\"@type\":\"WebPage\",\"@id\":\"https:\\\/\\\/cafedelariviera.com\\\/index.php\\\/jarceria\\\/\",\"url\":\"https:\\\/\\\/cafedelariviera.com\\\/index.php\\\/jarceria\\\/\",\"name\":\"Jarcer\u00eda - Caf\u00e9 de la Riviera\",\"isPartOf\":{\"@id\":\"https:\\\/\\\/cafedelariviera.com\\\/#website\"},\"datePublished\":\"2017-12-20T17:18:05+00:00\",\"dateModified\":\"2017-12-21T00:06:21+00:00\",\"breadcrumb\":{\"@id\":\"https:\\\/\\\/cafedelariviera.com\\\/index.php\\\/jarceria\\\/#breadcrumb\"},\"inLanguage\":\"es\",\"potentialAction\":[{\"@type\":\"ReadAction\",\"target\":[\"https:\\\/\\\/cafedelariviera.com\\\/index.php\\\/jarceria\\\/\"]}]},{\"@type\":\"BreadcrumbList\",\"@id\":\"https:\\\/\\\/cafedelariviera.com\\\/index.php\\\/jarceria\\\/#breadcrumb\",\"itemListElement\":[{\"@type\":\"ListItem\",\"position\":1,\"name\":\"Home\",\"item\":\"https:\\\/\\\/cafedelariviera.com\\\/\"},{\"@type\":\"ListItem\",\"position\":2,\"name\":\"Jarcer\u00eda\"}]},{\"@type\":\"WebSite\",\"@id\":\"https:\\\/\\\/cafedelariviera.com\\\/#website\",\"url\":\"https:\\\/\\\/cafedelariviera.com\\\/\",\"name\":\"Caf\u00e9 de la Riviera\",\"description\":\"Caf\u00e9 gourmet mexicano, fresco, reci\u00e9n tostado, personalizado al gusto de la industria tur\u00edstica de Canc\u00fan, Riviera Maya y el sureste Mexicano.\",\"potentialAction\":[{\"@type\":\"SearchAction\",\"target\":{\"@type\":\"EntryPoint\",\"urlTemplate\":\"https:\\\/\\\/cafedelariviera.com\\\/?s={search_term_string}\"},\"query-input\":{\"@type\":\"PropertyValueSpecification\",\"valueRequired\":true,\"valueName\":\"search_term_string\"}}],\"inLanguage\":\"es\"}]}<\/script>\n<!-- \/ Yoast SEO plugin. -->","yoast_head_json":{"title":"Jarcer\u00eda - Caf\u00e9 de la Riviera","robots":{"index":"index","follow":"follow","max-snippet":"max-snippet:-1","max-image-preview":"max-image-preview:large","max-video-preview":"max-video-preview:-1"},"canonical":"https:\/\/cafedelariviera.com\/index.php\/jarceria\/","og_locale":"es_MX","og_type":"article","og_title":"Jarcer\u00eda - Caf\u00e9 de la Riviera","og_description":"[vc_row full_content_width=&#8221;row-inner-full&#8221; row_height_type=&#8221;fixed_height&#8221; height=&#8221;0&#8243; top=&#8221;150px&#8221; bottom=&#8221;150px&#8221; content_fadeout=&#8221;content-fadeout&#8221; bg_type=&#8221;image&#8221; bg_cover=&#8221;cover&#8221; bg_position=&#8221;&#8221; bg_image=&#8221;6732&#8243;][vc_column][vc_heading title=&#8221;Productos de Jarcer\u00eda en Caf\u00e9 de la Riviera&#8221; title_color=&#8221;#ffffff&#8221;][\/vc_column][\/vc_row][vc_row bottom=&#8221;0px&#8221;][vc_column][vc_column_text] Somos distribuidores exclusivos de productos Reynera [\/vc_column_text][vc_empty_space][vc_column_text] La mejor opci\u00f3n en soluciones de limpieza [\/vc_column_text][vc_row_inner][vc_column_inner width=&#8221;1\/6&#8243;][\/vc_column_inner][vc_column_inner width=&#8221;2\/3&#8243;][vc_column_text] Organizaci\u00f3n Reynera es una empresa 100% Mexicana, fundada en 1918, con tecnolog\u00eda de clase mundial, que ofrece la mayor calidad a los precios m\u00e1s competitivos hacia sus diferentes mercados. [\/vc_column_text][vc_empty_space][vc_column_text] Escobas \u2022 Recogedores \u2022 Cepillos \u2022 Sacudidores... Read more","og_url":"https:\/\/cafedelariviera.com\/index.php\/jarceria\/","og_site_name":"Caf\u00e9 de la Riviera","article_modified_time":"2017-12-21T00:06:21+00:00","twitter_card":"summary_large_image","twitter_misc":{"Tiempo de lectura":"2 minutos"},"schema":{"@context":"https:\/\/schema.org","@graph":[{"@type":"WebPage","@id":"https:\/\/cafedelariviera.com\/index.php\/jarceria\/","url":"https:\/\/cafedelariviera.com\/index.php\/jarceria\/","name":"Jarcer\u00eda - Caf\u00e9 de la Riviera","isPartOf":{"@id":"https:\/\/cafedelariviera.com\/#website"},"datePublished":"2017-12-20T17:18:05+00:00","dateModified":"2017-12-21T00:06:21+00:00","breadcrumb":{"@id":"https:\/\/cafedelariviera.com\/index.php\/jarceria\/#breadcrumb"},"inLanguage":"es","potentialAction":[{"@type":"ReadAction","target":["https:\/\/cafedelariviera.com\/index.php\/jarceria\/"]}]},{"@type":"BreadcrumbList","@id":"https:\/\/cafedelariviera.com\/index.php\/jarceria\/#breadcrumb","itemListElement":[{"@type":"ListItem","position":1,"name":"Home","item":"https:\/\/cafedelariviera.com\/"},{"@type":"ListItem","position":2,"name":"Jarcer\u00eda"}]},{"@type":"WebSite","@id":"https:\/\/cafedelariviera.com\/#website","url":"https:\/\/cafedelariviera.com\/","name":"Caf\u00e9 de la Riviera","description":"Caf\u00e9 gourmet mexicano, fresco, reci\u00e9n tostado, personalizado al gusto de la industria tur\u00edstica de Canc\u00fan, Riviera Maya y el sureste Mexicano.","potentialAction":[{"@type":"SearchAction","target":{"@type":"EntryPoint","urlTemplate":"https:\/\/cafedelariviera.com\/?s={search_term_string}"},"query-input":{"@type":"PropertyValueSpecification","valueRequired":true,"valueName":"search_term_string"}}],"inLanguage":"es"}]}},"_links":{"self":[{"href":"https:\/\/cafedelariviera.com\/index.php\/wp-json\/wp\/v2\/pages\/6707","targetHints":{"allow":["GET"]}}],"collection":[{"href":"https:\/\/cafedelariviera.com\/index.php\/wp-json\/wp\/v2\/pages"}],"about":[{"href":"https:\/\/cafedelariviera.com\/index.php\/wp-json\/wp\/v2\/types\/page"}],"author":[{"embeddable":true,"href":"https:\/\/cafedelariviera.com\/index.php\/wp-json\/wp\/v2\/users\/1"}],"replies":[{"embeddable":true,"href":"https:\/\/cafedelariviera.com\/index.php\/wp-json\/wp\/v2\/comments?post=6707"}],"version-history":[{"count":37,"href":"https:\/\/cafedelariviera.com\/index.php\/wp-json\/wp\/v2\/pages\/6707\/revisions"}],"predecessor-version":[{"id":6780,"href":"https:\/\/cafedelariviera.com\/index.php\/wp-json\/wp\/v2\/pages\/6707\/revisions\/6780"}],"wp:attachment":[{"href":"https:\/\/cafedelariviera.com\/index.php\/wp-json\/wp\/v2\/media?parent=6707"}],"curies":[{"name":"wp","href":"https:\/\/api.w.org\/{rel}","templated":true}]}}